{"id":4826,"date":"2025-11-24T11:35:59","date_gmt":"2025-11-24T09:35:59","guid":{"rendered":"https:\/\/ropert.i3a.es\/?page_id=4826"},"modified":"2025-11-24T11:35:59","modified_gmt":"2025-11-24T09:35:59","slug":"books","status":"publish","type":"page","link":"https:\/\/ropert.i3a.es\/es\/books\/","title":{"rendered":"Libros"},"content":{"rendered":"<div id=\"pl-gb4826-69e776d62e09c\"  class=\"panel-layout wp-block-siteorigin-panels-layout-block\" ><div id=\"pg-gb4826-69e776d62e09c-0\"  class=\"panel-grid panel-has-style\" ><div class=\"siteorigin-panels-stretch panel-row-style panel-row-style-for-gb4826-69e776d62e09c-0\" data-stretch-type=\"full-width-stretch\" ><div id=\"pgc-gb4826-69e776d62e09c-0-0\"  class=\"panel-grid-cell\" ><div id=\"panel-gb4826-69e776d62e09c-0-0-0\" class=\"so-panel widget widget_sow-hero panel-first-child panel-last-child\" data-index=\"0\" ><div\n\t\t\t\n\t\t\tclass=\"so-widget-sow-hero so-widget-sow-hero-default-7a011a7c0fd5-4826 so-widget-fittext-wrapper\"\n\t\t\t data-fit-text-compressor=\"0.85\"\n\t\t>\t\t\t\t<div class=\"sow-slider-base\" style=\"display: none\" tabindex=\"0\">\n\t\t\t\t\t<ul\n\t\t\t\t\tclass=\"sow-slider-images\"\n\t\t\t\t\tdata-settings=\"{&quot;pagination&quot;:true,&quot;speed&quot;:800,&quot;timeout&quot;:8000,&quot;paused&quot;:false,&quot;pause_on_hover&quot;:false,&quot;swipe&quot;:true,&quot;nav_always_show_desktop&quot;:&quot;&quot;,&quot;nav_always_show_mobile&quot;:&quot;&quot;,&quot;breakpoint&quot;:&quot;780px&quot;,&quot;unmute&quot;:false,&quot;anchor&quot;:null}\"\n\t\t\t\t\t\t\t\t\t\tdata-anchor-id=\"\"\n\t\t\t\t>\t\t<li class=\"sow-slider-image  sow-slider-image-cover\" style=\"visibility: visible;;background-color: #333333\" >\n\t\t\t\t\t<div class=\"sow-slider-image-container\">\n\t\t\t<div class=\"sow-slider-image-wrapper\">\n\t\t\t\t<h1 class=\"entry-title\" style=\"text-align: center\"><strong>Libros<\/strong><\/h1>\t\t\t<\/div>\n\t\t<\/div>\n\t\t<div class=\"sow-slider-image-overlay sow-slider-image-cover\" style=\"opacity: 0.5;background-image: url(https:\/\/ropert.i3a.es\/wp-content\/uploads\/2020\/08\/books_2-1.jpg)\"  ><\/div>\t\t<\/li>\n\t\t<\/ul>\t\t\t\t<ol class=\"sow-slider-pagination\">\n\t\t\t\t\t\t\t\t\t\t\t<li><a href=\"#\" data-goto=\"0\" aria-label=\"mostrar diapositiva 1\"><\/a><\/li>\n\t\t\t\t\t\t\t\t\t<\/ol>\n\n\t\t\t\t<div class=\"sow-slide-nav sow-slide-nav-next\">\n\t\t\t\t\t<a href=\"#\" data-goto=\"next\" aria-label=\"diapositiva siguiente\" data-action=\"next\">\n\t\t\t\t\t\t<em class=\"sow-sld-icon-thin-right\"><\/em>\n\t\t\t\t\t<\/a>\n\t\t\t\t<\/div>\n\n\t\t\t\t<div class=\"sow-slide-nav sow-slide-nav-prev\">\n\t\t\t\t\t<a href=\"#\" data-goto=\"previous\" aria-label=\"diapositiva anterior\" data-action=\"prev\">\n\t\t\t\t\t\t<em class=\"sow-sld-icon-thin-left\"><\/em>\n\t\t\t\t\t<\/a>\n\t\t\t\t<\/div>\n\t\t\t\t<\/div><\/div><\/div><\/div><\/div><\/div><div id=\"pg-gb4826-69e776d62e09c-1\"  class=\"panel-grid panel-no-style\" ><div id=\"pgc-gb4826-69e776d62e09c-1-0\"  class=\"panel-grid-cell\" ><div id=\"panel-gb4826-69e776d62e09c-1-0-0\" class=\"so-panel widget widget_sow-editor panel-first-child panel-last-child\" data-index=\"1\" ><div\n\t\t\t\n\t\t\tclass=\"so-widget-sow-editor so-widget-sow-editor-base\"\n\t\t\t\n\t\t>\n<div class=\"siteorigin-widget-tinymce textwidget\">\n\t<h3>Libros<\/h3><form method=\"get\" action=\"\"><label for=\"pg_anio_lib\">Year: <\/label>\r\n        <select name=\"pg_anio_lib\" onchange=\"this.form.submit()\"><option value=\"\" selected>All years<\/option><option value=\"2026\" >2026<\/option><option value=\"2025\" >2025<\/option><option value=\"2024\" >2024<\/option><option value=\"2023\" >2023<\/option><option value=\"2022\" >2022<\/option><option value=\"2021\" >2021<\/option><option value=\"2020\" >2020<\/option><option value=\"2019\" >2019<\/option><option value=\"2018\" >2018<\/option><option value=\"2017\" >2017<\/option><option value=\"2016\" >2016<\/option><option value=\"2015\" >2015<\/option><option value=\"2014\" >2014<\/option><option value=\"2013\" >2013<\/option><option value=\"2012\" >2012<\/option><option value=\"2011\" >2011<\/option><option value=\"2010\" >2010<\/option><option value=\"2009\" >2009<\/option><option value=\"2008\" >2008<\/option><option value=\"2007\" >2007<\/option><option value=\"2006\" >2006<\/option><option value=\"2005\" >2005<\/option><option value=\"2004\" >2004<\/option><option value=\"2003\" >2003<\/option><option value=\"2002\" >2002<\/option><option value=\"2001\" >2001<\/option><option value=\"2000\" >2000<\/option><\/select><input type=\"hidden\" name=\"trp-form-language\" value=\"es\"\/><\/form><br><p class=\"contador\">Total books: <strong>14<\/strong><\/p><table class=\"pg-tabla\"><thead><tr><th>Year<\/th><th>Title<\/th><th>Authors<\/th><th>ISBN<\/th><\/tr><\/thead><tbody><tr><td class=\"\"><span>2023<\/span><\/td><td class=\"\"><span>XLIV Jornadas de Autom\u00e1tica: libro de actas: Universidad de Zaragoza, Escuela de Ingenier\u00eda y Arquitectura, 6, 7 y 8 de septiembre de 2023, Zaragoza.<\/span><\/td><td class=\"\"><span>Comit\u00e9 Espa\u00f1ol de Autom\u00e1tica;And\u00fajar-M\u00e1rquez, Jos\u00e9 Manuel;Costa Castell\u00f3, Ram\u00f3n;Montano Gella, Luis;Mosteo, Alejandro R.;Loureiro, Vanesa;Cabrera, Pedro;Est\u00e9vez Est\u00e9vez, Elisabet;Mar\u00edn, Ra\u00fal;Roc\u00f3n, Eduardo;Mu\u00f1oz de la Pe\u00f1a, David;Pay\u00e1, Luis;Ortega, M. G;Reinoso, \u00d3scar;Vilas, Carlos<\/span><\/td><td class=\"col-una-linea\"><span>978-84-9749-860-9<\/span><\/td><\/tr><tr><td class=\"\"><span>2020<\/span><\/td><td class=\"\"><span>10001 amigas ingenieras: descubre a 17 ingenieras y div\u00e9rtete con sus experimentos<\/span><\/td><td class=\"\"><span>coordinadora: Mar\u00eda Villarroya Gaud\u00f3 ; ilustraciones Sonia Sanz Escudero ; autoras Rosario Arag\u00fc\u00e9s Mu\u00f1oz &#8230; [et al.]<\/span><\/td><td class=\"col-una-linea\"><span>9788413402345<\/span><\/td><\/tr><tr><td class=\"\"><span>2018<\/span><\/td><td class=\"\"><span>Robot 2017: Third Iberian Robotics Conference, Advances in Intelligent Systems and Computing, Vol.1<\/span><\/td><td class=\"\"><span>Ollero, An\u00edbal; Sanfeliu, Alberto; Montano Gella, Luis; Lau, Nuno; Cardeira, Carlos (editores)<\/span><\/td><td class=\"col-una-linea\"><span>978-3319708324<\/span><\/td><\/tr><tr><td class=\"\"><span>2018<\/span><\/td><td class=\"\"><span>Robot 2017: Third Iberian Robotics Conference, Advances in Intelligent Systems and Computing, Vol.2<\/span><\/td><td class=\"\"><span>Ollero, An\u00edbal; Sanfeliu, Alberto; Montano Gella, Luis; Lau, Nuno; Cardeira, Carlos (editores)<\/span><\/td><td class=\"col-una-linea\"><span>978-3319708355<\/span><\/td><\/tr><tr><td class=\"\"><span>2017<\/span><\/td><td class=\"\"><span>Control of multiple robots using vision sensors<\/span><\/td><td class=\"\"><span>by Miguel Aranda, Gonzalo L\u00f3pez-Nicol\u00e1s, Carlos Sag\u00fc\u00e9s.<\/span><\/td><td class=\"col-una-linea\"><span>9783319578286<\/span><\/td><\/tr><tr><td class=\"\"><span>2016<\/span><\/td><td class=\"\"><span>ROBOT 2015, Second Iberian Robotics Conference. Advances in Intelligent Systems and Computing. Vol. II<\/span><\/td><td class=\"\"><span>Reis, Luis P.; Moreira A. Paulo; Lima, Pedro; Montano, Luis; Mu\u00f1oz-Mart\u00ednez, V\u00edctor (editores)<\/span><\/td><td class=\"col-una-linea\"><span>978-3-319-27145-4<\/span><\/td><\/tr><tr><td class=\"\"><span>2016<\/span><\/td><td class=\"\"><span>ROBOT 2015, Second Iberian Robotics Conference. Advances in Intelligent Systems and Computing. Vol I<\/span><\/td><td class=\"\"><span>Reis, Luis P.; Moreira A. Paulo; Lima, Pedro; Montano, Luis; Mu\u00f1oz-Mart\u00ednez, Victor (editores)<\/span><\/td><td class=\"col-una-linea\"><span>978-3-319-27145-3<\/span><\/td><\/tr><tr><td class=\"\"><span>2015<\/span><\/td><td class=\"\"><span>Parallel and Distributed Map Merging and Localization: Algorithms, Tools and Strategies for Robotic Networks<\/span><\/td><td class=\"\"><span>Arag\u00fc\u00e9s Mu\u00f1oz, Mar\u00eda del Rosario; Sagues, Carlos; Mezouar, Youcef <\/span><\/td><td class=\"col-una-linea\"><span>978-3-319-25884-3<\/span><\/td><\/tr><tr><td class=\"\"><span>2015<\/span><\/td><td class=\"\"><span>Distributed Consensus with Visual Perception in Multi-Robot Systems<\/span><\/td><td class=\"\"><span>Eduardo Montijano y Carlos Sag\u00fc\u00e9s<\/span><\/td><td class=\"col-una-linea\"><span>978-3-319-15698-9<\/span><\/td><\/tr><tr><td class=\"\"><span>2014<\/span><\/td><td class=\"\"><span>Visual Control of Wheeled Mobile Robots<\/span><\/td><td class=\"\"><span>Becerra H\u00e9ctor M.; Sag\u00fc\u00e9s, Carlos<\/span><\/td><td class=\"col-una-linea\"><span>978-3-319-057<\/span><\/td><\/tr><tr><td class=\"\"><span>2013<\/span><\/td><td class=\"\"><span>System engineering applied to Fuenmayor Karst aquifer (San Julian de Banzo, Huesca) and Collins glacier (King George Island, Antarctica) : Dissertation submitted to fulfill the requirements fo the PhD degree of computing and systems engineering<\/span><\/td><td class=\"\"><span>autor, David chinarro ; Advisors, Jos\u00e9 Luis Villarroe<\/span><\/td><td class=\"col-una-linea\"><span><\/span><\/td><\/tr><tr><td class=\"\"><span>2013<\/span><\/td><td class=\"\"><span>Omnidirectional Vision Systems. Calibration, Feature Extraction and 3D Information<\/span><\/td><td class=\"\"><span>Puig Morales, Luis &amp; Guerrero Campo, Jos\u00e9 Jes\u00fas<\/span><\/td><td class=\"col-una-linea\"><span>978-1-4471-4946-0<\/span><\/td><\/tr><tr><td class=\"\"><span>2012<\/span><\/td><td class=\"\"><span>Structure from motion using the extended kalman filter<\/span><\/td><td class=\"\"><span>Javier Civera, Andrew J. Davison, and Jos\u00e9 Mar\u00eda Mart\u00ednez Montiel.<\/span><\/td><td class=\"col-una-linea\"><span>9783642248337<\/span><\/td><\/tr><tr><td class=\"\"><span>2002<\/span><\/td><td class=\"\"><span>Forma, cinem\u00e1tica y din\u00e1mica del robot en planificaci\u00f3n de movimientos basada en el sensor= Robot shape, kinematics, and dynamics in sensor-based motion planning<\/span><\/td><td class=\"\"><span>Javier M\u00ednguez Zafra ; Dirigida por Luis Montano Gella.<\/span><\/td><td class=\"col-una-linea\"><span><\/span><\/td><\/tr><\/tbody><\/table>\n<\/div>\n<\/div><\/div><\/div><\/div><\/div>","protected":false},"excerpt":{"rendered":"","protected":false},"author":1,"featured_media":0,"parent":0,"menu_order":0,"comment_status":"closed","ping_status":"closed","template":"","meta":{"footnotes":""},"class_list":["post-4826","page","type-page","status-publish"],"_links":{"self":[{"href":"https:\/\/ropert.i3a.es\/es\/wp-json\/wp\/v2\/pages\/4826","targetHints":{"allow":["GET"]}}],"collection":[{"href":"https:\/\/ropert.i3a.es\/es\/wp-json\/wp\/v2\/pages"}],"about":[{"href":"https:\/\/ropert.i3a.es\/es\/wp-json\/wp\/v2\/types\/page"}],"author":[{"embeddable":true,"href":"https:\/\/ropert.i3a.es\/es\/wp-json\/wp\/v2\/users\/1"}],"replies":[{"embeddable":true,"href":"https:\/\/ropert.i3a.es\/es\/wp-json\/wp\/v2\/comments?post=4826"}],"version-history":[{"count":1,"href":"https:\/\/ropert.i3a.es\/es\/wp-json\/wp\/v2\/pages\/4826\/revisions"}],"predecessor-version":[{"id":4827,"href":"https:\/\/ropert.i3a.es\/es\/wp-json\/wp\/v2\/pages\/4826\/revisions\/4827"}],"wp:attachment":[{"href":"https:\/\/ropert.i3a.es\/es\/wp-json\/wp\/v2\/media?parent=4826"}],"curies":[{"name":"wp","href":"https:\/\/api.w.org\/{rel}","templated":true}]}}