{"id":4824,"date":"2025-11-24T11:34:40","date_gmt":"2025-11-24T09:34:40","guid":{"rendered":"https:\/\/ropert.i3a.es\/?page_id=4824"},"modified":"2025-11-24T11:34:41","modified_gmt":"2025-11-24T09:34:41","slug":"chapters","status":"publish","type":"page","link":"https:\/\/ropert.i3a.es\/es\/chapters\/","title":{"rendered":"Chapters"},"content":{"rendered":"<div id=\"pl-gb4824-69e77813462d4\"  class=\"panel-layout wp-block-siteorigin-panels-layout-block\" ><div id=\"pg-gb4824-69e77813462d4-0\"  class=\"panel-grid panel-has-style\" ><div class=\"siteorigin-panels-stretch panel-row-style panel-row-style-for-gb4824-69e77813462d4-0\" data-stretch-type=\"full-width-stretch\" ><div id=\"pgc-gb4824-69e77813462d4-0-0\"  class=\"panel-grid-cell\" ><div id=\"panel-gb4824-69e77813462d4-0-0-0\" class=\"so-panel widget widget_sow-hero panel-first-child panel-last-child\" data-index=\"0\" ><div\n\t\t\t\n\t\t\tclass=\"so-widget-sow-hero so-widget-sow-hero-default-7a011a7c0fd5-4824 so-widget-fittext-wrapper\"\n\t\t\t data-fit-text-compressor=\"0.85\"\n\t\t>\t\t\t\t<div class=\"sow-slider-base\" style=\"display: none\" tabindex=\"0\">\n\t\t\t\t\t<ul\n\t\t\t\t\tclass=\"sow-slider-images\"\n\t\t\t\t\tdata-settings=\"{&quot;pagination&quot;:true,&quot;speed&quot;:800,&quot;timeout&quot;:8000,&quot;paused&quot;:false,&quot;pause_on_hover&quot;:false,&quot;swipe&quot;:true,&quot;nav_always_show_desktop&quot;:&quot;&quot;,&quot;nav_always_show_mobile&quot;:&quot;&quot;,&quot;breakpoint&quot;:&quot;780px&quot;,&quot;unmute&quot;:false,&quot;anchor&quot;:null}\"\n\t\t\t\t\t\t\t\t\t\tdata-anchor-id=\"\"\n\t\t\t\t>\t\t<li class=\"sow-slider-image  sow-slider-image-cover\" style=\"visibility: visible;;background-color: #333333\" >\n\t\t\t\t\t<div class=\"sow-slider-image-container\">\n\t\t\t<div class=\"sow-slider-image-wrapper\">\n\t\t\t\t<h1 class=\"entry-title\" style=\"text-align: center\"><strong>Chapters<\/strong><\/h1>\t\t\t<\/div>\n\t\t<\/div>\n\t\t<div class=\"sow-slider-image-overlay sow-slider-image-cover\" style=\"opacity: 0.5;background-image: url(https:\/\/ropert.i3a.es\/wp-content\/uploads\/2020\/08\/books_2-1.jpg)\"  ><\/div>\t\t<\/li>\n\t\t<\/ul>\t\t\t\t<ol class=\"sow-slider-pagination\">\n\t\t\t\t\t\t\t\t\t\t\t<li><a href=\"#\" data-goto=\"0\" aria-label=\"mostrar diapositiva 1\"><\/a><\/li>\n\t\t\t\t\t\t\t\t\t<\/ol>\n\n\t\t\t\t<div class=\"sow-slide-nav sow-slide-nav-next\">\n\t\t\t\t\t<a href=\"#\" data-goto=\"next\" aria-label=\"diapositiva siguiente\" data-action=\"next\">\n\t\t\t\t\t\t<em class=\"sow-sld-icon-thin-right\"><\/em>\n\t\t\t\t\t<\/a>\n\t\t\t\t<\/div>\n\n\t\t\t\t<div class=\"sow-slide-nav sow-slide-nav-prev\">\n\t\t\t\t\t<a href=\"#\" data-goto=\"previous\" aria-label=\"diapositiva anterior\" data-action=\"prev\">\n\t\t\t\t\t\t<em class=\"sow-sld-icon-thin-left\"><\/em>\n\t\t\t\t\t<\/a>\n\t\t\t\t<\/div>\n\t\t\t\t<\/div><\/div><\/div><\/div><\/div><\/div><div id=\"pg-gb4824-69e77813462d4-1\"  class=\"panel-grid panel-no-style\" ><div id=\"pgc-gb4824-69e77813462d4-1-0\"  class=\"panel-grid-cell\" ><div id=\"panel-gb4824-69e77813462d4-1-0-0\" class=\"so-panel widget widget_sow-editor panel-first-child panel-last-child\" data-index=\"1\" ><div\n\t\t\t\n\t\t\tclass=\"so-widget-sow-editor so-widget-sow-editor-base\"\n\t\t\t\n\t\t>\n<div class=\"siteorigin-widget-tinymce textwidget\">\n\t<form method=\"get\" action=\"\"><label for=\"pg_anio_cap\">Year: <\/label>\r\n        <select name=\"pg_anio_cap\" onchange=\"this.form.submit()\"><option value=\"\" selected>All years<\/option><option value=\"2026\" >2026<\/option><option value=\"2025\" >2025<\/option><option value=\"2024\" >2024<\/option><option value=\"2023\" >2023<\/option><option value=\"2022\" >2022<\/option><option value=\"2021\" >2021<\/option><option value=\"2020\" >2020<\/option><option value=\"2019\" >2019<\/option><option value=\"2018\" >2018<\/option><option value=\"2017\" >2017<\/option><option value=\"2016\" >2016<\/option><option value=\"2015\" >2015<\/option><option value=\"2014\" >2014<\/option><option value=\"2013\" >2013<\/option><option value=\"2012\" >2012<\/option><option value=\"2011\" >2011<\/option><option value=\"2010\" >2010<\/option><option value=\"2009\" >2009<\/option><option value=\"2008\" >2008<\/option><option value=\"2007\" >2007<\/option><option value=\"2006\" >2006<\/option><option value=\"2005\" >2005<\/option><option value=\"2004\" >2004<\/option><option value=\"2003\" >2003<\/option><option value=\"2002\" >2002<\/option><option value=\"2001\" >2001<\/option><option value=\"2000\" >2000<\/option><\/select><input type=\"hidden\" name=\"trp-form-language\" value=\"es\"\/><\/form><br><p class=\"contador\">Total chapters: <strong>29<\/strong><\/p><table class=\"pg-tabla\"><thead><tr><th>Year<\/th><th>Title<\/th><th>Book Title<\/th><th>Authors<\/th><th>ISBN<\/th><\/tr><\/thead><tbody><tr><td class=\"\"><span>2021<\/span><\/td><td class=\"\"><span>Mejora de la adquisici\u00f3n de competencias a trav\u00e9s del modelo de aula inversa<\/span><\/td><td class=\"\"><span>Innovaci\u00f3n docente y calidad institucional<\/span><\/td><td class=\"\"><span>Bailera Mart\u00edn, M., Pe\u00f1a Pellicer, B., Zabalza Bribi\u00e1n, I., Teruel Do\u00f1ate, E., Arag\u00fc\u00e9s Mu\u00f1oz, R., Llera Sastresa, E. M., Us\u00f3n Gil, S., Ranz Angulo, D., Lisbona Mart\u00edn, P.<\/span><\/td><td class=\"col-una-linea\"><span>9788409297153<\/span><\/td><\/tr><tr><td class=\"\"><span>2020<\/span><\/td><td class=\"\"><span>Natalia en las cuevas romanas<\/span><\/td><td class=\"\"><span>10001 amigas ingenieras: descubre a 17 ingenieras y div\u00e9rtete con sus experimentos<\/span><\/td><td class=\"\"><span>Natalia Ayuso Escuer.<\/span><\/td><td class=\"col-una-linea\"><span>9788413402345<\/span><\/td><\/tr><tr><td class=\"\"><span>2020<\/span><\/td><td class=\"\"><span>Ana consigue que los robots puedan ver<\/span><\/td><td class=\"\"><span>10001 amigas ingenieras: descubre a 17 ingenieras y div\u00e9rtete con sus experimentos<\/span><\/td><td class=\"\"><span>Ana Cristina Murillo Arnal.<\/span><\/td><td class=\"col-una-linea\"><span>9788413402345<\/span><\/td><\/tr><tr><td class=\"\"><span>2020<\/span><\/td><td class=\"\"><span>Rosario, experta en teclas<\/span><\/td><td class=\"\"><span>10001 amigas ingenieras: descubre a 17 ingenieras y div\u00e9rtete con sus experimentos<\/span><\/td><td class=\"\"><span>Rosario Arag\u00fc\u00e9s Mu\u00f1oz.<\/span><\/td><td class=\"col-una-linea\"><span>9788413402345<\/span><\/td><\/tr><tr><td class=\"\"><span>2020<\/span><\/td><td class=\"\"><span>Mejora de la conciencia fonol\u00f3gica en educaci\u00f3n infantil a trav\u00e9s de la gamificaci\u00f3n con tecnolog\u00eda tangible<\/span><\/td><td class=\"\"><span>Conference Proceedings EDUNOVATIC 2020<\/span><\/td><td class=\"\"><span>Oliva Maza, Ana; Coma Rosell\u00f3, Teresa; Ayuso Escuer, Natalia; Torres Moreno, Enrique<\/span><\/td><td class=\"col-una-linea\"><span>978-84-09-22967-3<\/span><\/td><\/tr><tr><td class=\"\"><span>2019<\/span><\/td><td class=\"\"><span>Mejora de la adquisici\u00f3n de competencias a trav\u00e9s del modelo de aula inversa<\/span><\/td><td class=\"\"><span>Libro Actas de las XIII Jornadas de Innovaci\u00f3n Docente e Investigaci\u00f3n Educativa de la Universidad de Zaragoza<\/span><\/td><td class=\"\"><span>Bailera, Manuel; Pe\u00f1a, Bego\u00f1a; Zabalza, Ignacio; Teruel, Enrique; Arag\u00fces, Rosario; Llera, Eva Mar\u00eda; Us\u00f3n, Sergio; Ranz, David; Lisbona, Pilar<\/span><\/td><td class=\"col-una-linea\"><span>978-84-09-14886-8<\/span><\/td><\/tr><tr><td class=\"\"><span>2019<\/span><\/td><td class=\"\"><span>Mejora del aprendizaje mediante cuestionarios en l\u00ednea<\/span><\/td><td class=\"\"><span>Nuevas t\u00e9cnicas docentes<\/span><\/td><td class=\"\"><span>Ayuso Escuer, Natalia Carmen; Alastruey Bened\u00e9, Jes\u00fas<\/span><\/td><td class=\"col-una-linea\"><span>978-84-368-4261-6<\/span><\/td><\/tr><tr><td class=\"\"><span>2017<\/span><\/td><td class=\"\"><span>Blended learning in electronics and automation engineering: a study of software and hardware needs for practical teaching<\/span><\/td><td class=\"\"><span>EDULEARN17 Proceedings<\/span><\/td><td class=\"\"><span>Arag\u00fc\u00e9s, R; Gil, E; Igual, R; Medrano, C; Delgado, J; Albiol, S; Romero, F; Garc\u00eda, JC; Perez R;<\/span><\/td><td class=\"col-una-linea\"><span>978-84-697-3777-4<\/span><\/td><\/tr><tr><td class=\"\"><span>2017<\/span><\/td><td class=\"\"><span>Low-Bandwidth Telerobotics in Fading Scenarios<\/span><\/td><td class=\"\"><span>ROBOT 2017: Third Iberian Robotics Conference. Colecci\u00f3n: Advances in Intelligent Systems and Computing, vol 694<\/span><\/td><td class=\"\"><span>Barrios, Samuel; Ayuso, Natalia; Tardioli, Danilo; Riazuelo, Luis; Mosteo, Alejandro; Lera, Francisco; Villarroel, Jos\u00e9 Luis<\/span><\/td><td class=\"col-una-linea\"><span>978-3-319-70835-5<\/span><\/td><\/tr><tr><td class=\"\"><span>2016<\/span><\/td><td class=\"\"><span>Comunicaciones<\/span><\/td><td class=\"\"><span>ESPELEO SOCORRO. T\u00c9CNICAS DE RESCATE EN CAVIDADES SUBTERR\u00c1NEAS<\/span><\/td><td class=\"\"><span>Villarroel,  Jos\u00e9 Luis.; Ayuso, Natalia<\/span><\/td><td class=\"col-una-linea\"><span>978-84-9829-368-5<\/span><\/td><\/tr><tr><td class=\"\"><span>2015<\/span><\/td><td class=\"\"><span>Implantaci\u00f3n de actividades de aprendizaje activo: identificaci\u00f3n de actividades de aprendizaje transversal<\/span><\/td><td class=\"\"><span>El trabajo en equipo,  una herramienta para el aprendizaje<\/span><\/td><td class=\"\"><span>Aznar, F.; Mosteo, A.R.; Montijano, E.; Tardioli, D.; Pel\u00e1ez, M.D.<\/span><\/td><td class=\"col-una-linea\"><span>978-84-606-6049-1<\/span><\/td><\/tr><tr><td class=\"\"><span>2014<\/span><\/td><td class=\"\"><span>Seamless Indoor-Outdoor Robust Localization for Robots<\/span><\/td><td class=\"\"><span>ROBOT2013: First Iberian Robotics Conference. Advances in Robotics, Vol.2<\/span><\/td><td class=\"\"><span>Urcola, P.; Lorente, M. T.; Villarroel, J. L.; Montano, L.<\/span><\/td><td class=\"col-una-linea\"><span>978-3-319-03653-3<\/span><\/td><\/tr><tr><td class=\"\"><span>2014<\/span><\/td><td class=\"\"><span>Design of an FPGA-based full-state feedback controller using high level synthesis tools<\/span><\/td><td class=\"\"><span>Proceedings Fifteenth IEEE Workshop on Control and Modeling for Power Electronics COMPEL 2014<\/span><\/td><td class=\"\"><span>Velazquez, R.;Lucia, O.;Navarro, D.;Barragan, L.A.;Artigas, J.I.;Sagues, C.<\/span><\/td><td class=\"col-una-linea\"><span>9781479921478<\/span><\/td><\/tr><tr><td class=\"\"><span>2013<\/span><\/td><td class=\"\"><span>Experiencias: Girls&#039; Day en Zaragoza.<\/span><\/td><td class=\"\"><span>El mundo necesita ingenieras \u00bfquieres ser una?<\/span><\/td><td class=\"\"><span>M. Lozano; A. C. Murillo; R. Trillo;<\/span><\/td><td class=\"col-una-linea\"><span>9788415777080<\/span><\/td><\/tr><tr><td class=\"\"><span>2013<\/span><\/td><td class=\"\"><span>\u00bfC\u00f3mo se organiza un Girls&#039; Day?<\/span><\/td><td class=\"\"><span>El mundo necesita ingenieras \u00bfquieres ser una?<\/span><\/td><td class=\"\"><span>M. Lozano; Trillo Lado, Raquel; Murillo Arnal, Ana Cristina; Baldassarri Santa Lucia, Sandra Silvia<\/span><\/td><td class=\"col-una-linea\"><span>9788415777080<\/span><\/td><\/tr><tr><td class=\"\"><span>2011<\/span><\/td><td class=\"\"><span>Sliding Mode Control for Visual Servoing of Mobile Robots using a Generic Camera<\/span><\/td><td class=\"\"><span>Sliding Mode Control<\/span><\/td><td class=\"\"><span>Becerra Hector Manuel; Sagues Carlos<\/span><\/td><td class=\"col-una-linea\"><span>9789533071626<\/span><\/td><\/tr><tr><td class=\"\"><span>2011<\/span><\/td><td class=\"\"><span>A Practical Mobile Robotics Engineering Course Using LEGO Mindstorms<\/span><\/td><td class=\"\"><span> Research and Education in Robotics &#8211; EUROBOT 2011<\/span><\/td><td class=\"\"><span>Murillo Arnal, Ana C.; Mosteo, Alejandro R.; Castellanos, Jose A.; Montano, Luis<\/span><\/td><td class=\"col-una-linea\"><span>978-3-642-219<\/span><\/td><\/tr><tr><td class=\"\"><span>2011<\/span><\/td><td class=\"\"><span>On the design of reset systems with unstable base: a fixed reset-time approach.<\/span><\/td><td class=\"\"><span>Proceedings of the 37th Annual Conference of the IEEE Industrial Electronics Society<\/span><\/td><td class=\"\"><span>Paesa, D.;Carrasco, J. A.;Luc\u00eda, O.;Sagues, C.<\/span><\/td><td class=\"col-una-linea\"><span>9781612849713<\/span><\/td><\/tr><tr><td class=\"\"><span>2010<\/span><\/td><td class=\"\"><span>Distributed Implementation of Petri nets in Control Applications <\/span><\/td><td class=\"\"><span>Petri Nets Applications<\/span><\/td><td class=\"\"><span>Piedrafita Moreno, Ram\u00f3n; Tardioli, Danilo; Villarroel, Jose Luis<\/span><\/td><td class=\"col-una-linea\"><span>978-953-307-047-6<\/span><\/td><\/tr><tr><td class=\"\"><span>2010<\/span><\/td><td class=\"\"><span>The Java Based Programmable Logic Controller. New Techniques in Control and Supervision of a Flexible Manufacturing Cell.<\/span><\/td><td class=\"\"><span>Programmable Logic Controller<\/span><\/td><td class=\"\"><span>Piedrafita Moreno, Ram\u00f3n<\/span><\/td><td class=\"col-una-linea\"><span>978-953-7619-63-3<\/span><\/td><\/tr><tr><td class=\"\"><span>2010<\/span><\/td><td class=\"\"><span>Adaptive Implementation of Discrete Event Control Systems based on Sequential Function Charts<\/span><\/td><td class=\"\"><span>Factory Automation<\/span><\/td><td class=\"\"><span>Piedrafita Moreno, Ram\u00f3n;  Villarroel, Jose Luis<\/span><\/td><td class=\"col-una-linea\"><span> 978-953-307-024-7<\/span><\/td><\/tr><tr><td class=\"\"><span>2010<\/span><\/td><td class=\"\"><span>AVANCES EN LOCALIZACION, COMUNICACIONES TTE Y GEOFISICA APLICABLES A CAVIDADES<\/span><\/td><td class=\"\"><span>CUEVAS: PATRIMONIO, NATURALEZA, CULTURA Y TURISMO.<\/span><\/td><td class=\"\"><span>Ayuso Escuer, Natalia Carmen<\/span><\/td><td class=\"col-una-linea\"><span>978-84-614-4630-8<\/span><\/td><\/tr><tr><td class=\"\"><span>2009<\/span><\/td><td class=\"\"><span>Guaranteed-Performance Multi-robot Routing under Limited Communication Range<\/span><\/td><td class=\"\"><span>Distributed Autonomous Robotic Systems 8<\/span><\/td><td class=\"\"><span>Mosteo, Alejandro R.; Montano, Luis; Lagoudakis, Michail G.<\/span><\/td><td class=\"col-una-linea\"><span>978-3-642-006<\/span><\/td><\/tr><tr><td class=\"\"><span>2009<\/span><\/td><td class=\"\"><span>Estado del arte en comunicaciones inal\u00e1mbricas subterr\u00e1neas<\/span><\/td><td class=\"\"><span>Cuevas tur\u00edsticas, cuevas vivas<\/span><\/td><td class=\"\"><span>Mu\u00f1oz, Antonio;Bataller, Vanessa; Villarroel, Jos\u00e9 Luis; Cuch\u00ed, Jos\u00e9 Antonio;Ayuso, Natalia; Vi\u00f1als, V\u00edctor; Lera, Francisco; Mediano, Arturo; Molina, Pilar; Larma, Rafael<\/span><\/td><td class=\"col-una-linea\"><span>978-84-613-3730-9<\/span><\/td><\/tr><tr><td class=\"\"><span>2008<\/span><\/td><td class=\"\"><span>Topological and Metric Robot Localization through Computer Vision Techniques (Chapter 8)<\/span><\/td><td class=\"\"><span>Unifying Perspectives in Computational and Robot Vision<\/span><\/td><td class=\"\"><span>Murillo, Ana C.; Guerrero, Jos\u00e9 J.; Sagues, Carlos<\/span><\/td><td class=\"col-una-linea\"><span>9780387755212<\/span><\/td><\/tr><tr><td class=\"\"><span>2007<\/span><\/td><td class=\"\"><span>SANCTA: An Ada 2005 General-Purpose Architecture for Mobile Robotics Research<\/span><\/td><td class=\"\"><span>Reliable Software Technologies \u2013 Ada Europe 2007<\/span><\/td><td class=\"\"><span>Mosteo, Alejandro R.; Montano, Luis<\/span><\/td><td class=\"col-una-linea\"><span>978-3-540-732<\/span><\/td><\/tr><tr><td class=\"\"><span>2007<\/span><\/td><td class=\"\"><span>Shortest path homography-based visual control for differential drive robots<\/span><\/td><td class=\"\"><span>Vision Systems &#8211; Applications<\/span><\/td><td class=\"\"><span>Lopez-NIcolas Gonzalo; Sagues Carlos; Guerrero Jose Jesus<\/span><\/td><td class=\"col-una-linea\"><span>9783902613011<\/span><\/td><\/tr><tr><td class=\"\"><span>2005<\/span><\/td><td class=\"\"><span>RADIOLOCALIZACION DE CAVIDADES. TEORIA Y PRACTICA.<\/span><\/td><td class=\"\"><span>CUEVATUR 2005. 1er. congreso espa\u00f1ol sobre cuevas tur\u00edsticas<\/span><\/td><td class=\"\"><span>Ayuso, Natalia; Cuch\u00ed, Jos\u00e9 Antonio; Larma, Rafael; Mu\u00f1oz, Antonio; Villarroel, Jos\u00e9 Luis; Vi\u00f1als, V\u00edctor<\/span><\/td><td class=\"col-una-linea\"><span>84-7840-722-4<\/span><\/td><\/tr><tr><td class=\"\"><span>2002<\/span><\/td><td class=\"\"><span>Inducci\u00f3n magn\u00e9tica y t\u00e9cnicas asociadas en el estudio del karst<\/span><\/td><td class=\"\"><span>Karst and Environment<\/span><\/td><td class=\"\"><span>Alastruey, Ignacio; Alastruey, Jes\u00fas; Ayuso, Natalia; Cuch\u00ed, Jos\u00e9 Antonio; Lera, Francisco; Mediano, Arturo; Molina, Pilar; Villarroel, Jos\u00e9 Luis; Vi\u00f1als, V\u00edctor<\/span><\/td><td class=\"col-una-linea\"><span>84-920268-9-8<\/span><\/td><\/tr><\/tbody><\/table>\n<\/div>\n<\/div><\/div><\/div><\/div><\/div>","protected":false},"excerpt":{"rendered":"","protected":false},"author":1,"featured_media":0,"parent":0,"menu_order":0,"comment_status":"closed","ping_status":"closed","template":"","meta":{"footnotes":""},"class_list":["post-4824","page","type-page","status-publish"],"_links":{"self":[{"href":"https:\/\/ropert.i3a.es\/es\/wp-json\/wp\/v2\/pages\/4824","targetHints":{"allow":["GET"]}}],"collection":[{"href":"https:\/\/ropert.i3a.es\/es\/wp-json\/wp\/v2\/pages"}],"about":[{"href":"https:\/\/ropert.i3a.es\/es\/wp-json\/wp\/v2\/types\/page"}],"author":[{"embeddable":true,"href":"https:\/\/ropert.i3a.es\/es\/wp-json\/wp\/v2\/users\/1"}],"replies":[{"embeddable":true,"href":"https:\/\/ropert.i3a.es\/es\/wp-json\/wp\/v2\/comments?post=4824"}],"version-history":[{"count":1,"href":"https:\/\/ropert.i3a.es\/es\/wp-json\/wp\/v2\/pages\/4824\/revisions"}],"predecessor-version":[{"id":4825,"href":"https:\/\/ropert.i3a.es\/es\/wp-json\/wp\/v2\/pages\/4824\/revisions\/4825"}],"wp:attachment":[{"href":"https:\/\/ropert.i3a.es\/es\/wp-json\/wp\/v2\/media?parent=4824"}],"curies":[{"name":"wp","href":"https:\/\/api.w.org\/{rel}","templated":true}]}}